{"id":102,"date":"2022-11-10T10:09:12","date_gmt":"2022-11-10T10:09:12","guid":{"rendered":"http:\/\/veritasobgyn.com\/?page_id=102"},"modified":"2023-02-20T00:28:19","modified_gmt":"2023-02-20T00:28:19","slug":"meet-our-team","status":"publish","type":"page","link":"https:\/\/veritasobgyn.com\/es\/meet-our-team\/","title":{"rendered":"Conozca a nuestro equipo"},"content":{"rendered":"<div data-elementor-type=\"wp-page\" data-elementor-id=\"102\" class=\"elementor elementor-102\" data-elementor-post-type=\"page\">\n\t\t\t\t\t\t<section class=\"elementor-section elementor-top-section elementor-element elementor-element-46760f39 elementor-section-height-min-height elementor-section-boxed elementor-section-height-default elementor-section-items-middle\" data-id=\"46760f39\" data-element_type=\"section\" data-e-type=\"section\" data-settings=\"{&quot;background_background&quot;:&quot;classic&quot;}\">\n\t\t\t\t\t\t<div class=\"elementor-container elementor-column-gap-default\">\n\t\t\t\t\t<div class=\"elementor-column elementor-col-100 elementor-top-column elementor-element elementor-element-386f4476\" data-id=\"386f4476\" data-element_type=\"column\" data-e-type=\"column\">\n\t\t\t<div class=\"elementor-widget-wrap elementor-element-populated\">\n\t\t\t\t\t\t<section class=\"elementor-section elementor-inner-section elementor-element elementor-element-6e0ca1df elementor-section-boxed elementor-section-height-default elementor-section-height-default\" data-id=\"6e0ca1df\" data-element_type=\"section\" data-e-type=\"section\">\n\t\t\t\t\t\t<div class=\"elementor-container elementor-column-gap-default\">\n\t\t\t\t\t<div class=\"elementor-column elementor-col-50 elementor-inner-column elementor-element elementor-element-39f6d45b title-curve\" data-id=\"39f6d45b\" data-element_type=\"column\" data-e-type=\"column\" data-settings=\"{&quot;background_background&quot;:&quot;classic&quot;}\">\n\t\t\t<div class=\"elementor-widget-wrap elementor-element-populated\">\n\t\t\t\t\t\t<div class=\"elementor-element elementor-element-18c994b1 elementor-widget elementor-widget-heading\" data-id=\"18c994b1\" data-element_type=\"widget\" data-e-type=\"widget\" data-widget_type=\"heading.default\">\n\t\t\t\t<div class=\"elementor-widget-container\">\n\t\t\t\t\t<h1 class=\"elementor-heading-title elementor-size-default\">Conozca a nuestro equipo<\/h1>\t\t\t\t<\/div>\n\t\t\t\t<\/div>\n\t\t\t\t<div class=\"elementor-element elementor-element-21420977 elementor-widget elementor-widget-text-editor\" data-id=\"21420977\" data-element_type=\"widget\" data-e-type=\"widget\" data-widget_type=\"text-editor.default\">\n\t\t\t\t<div class=\"elementor-widget-container\">\n\t\t\t\t\t\t\t\t\t<p>VERITAS OBGYN es una pr\u00e1ctica m\u00e9dica de primer nivel con una excelente reputaci\u00f3n en obstetricia y ginecolog\u00eda.<\/p><p class=\"translation-block\">Nuestro primer consultorio m\u00e9dico ya est\u00e1 abierto en Bay Shore, Nueva York.<\/p>\t\t\t\t\t\t\t\t<\/div>\n\t\t\t\t<\/div>\n\t\t\t\t\t<\/div>\n\t\t<\/div>\n\t\t\t\t<div class=\"elementor-column elementor-col-50 elementor-inner-column elementor-element elementor-element-7460436d\" data-id=\"7460436d\" data-element_type=\"column\" data-e-type=\"column\">\n\t\t\t<div class=\"elementor-widget-wrap\">\n\t\t\t\t\t\t\t<\/div>\n\t\t<\/div>\n\t\t\t\t\t<\/div>\n\t\t<\/section>\n\t\t\t\t\t<\/div>\n\t\t<\/div>\n\t\t\t\t\t<\/div>\n\t\t<\/section>\n\t\t\t\t<section class=\"elementor-section elementor-top-section elementor-element elementor-element-49e3e0ac elementor-section-full_width elementor-section-height-min-height elementor-section-height-default elementor-section-items-middle\" data-id=\"49e3e0ac\" data-element_type=\"section\" data-e-type=\"section\" data-settings=\"{&quot;background_background&quot;:&quot;classic&quot;}\">\n\t\t\t\t\t\t<div class=\"elementor-container elementor-column-gap-default\">\n\t\t\t\t\t<div class=\"elementor-column elementor-col-100 elementor-top-column elementor-element elementor-element-19326e7\" data-id=\"19326e7\" data-element_type=\"column\" data-e-type=\"column\">\n\t\t\t<div class=\"elementor-widget-wrap\">\n\t\t\t\t\t\t\t<\/div>\n\t\t<\/div>\n\t\t\t\t\t<\/div>\n\t\t<\/section>\n\t\t\t\t<section class=\"elementor-section elementor-inner-section elementor-element elementor-element-75206957 elementor-section-boxed elementor-section-height-default elementor-section-height-default\" data-id=\"75206957\" data-element_type=\"section\" data-e-type=\"section\" data-settings=\"{&quot;background_background&quot;:&quot;classic&quot;}\">\n\t\t\t\t\t\t<div class=\"elementor-container elementor-column-gap-default\">\n\t\t\t\t\t<div class=\"elementor-column elementor-col-100 elementor-inner-column elementor-element elementor-element-74ac334e\" data-id=\"74ac334e\" data-element_type=\"column\" data-e-type=\"column\">\n\t\t\t<div class=\"elementor-widget-wrap elementor-element-populated\">\n\t\t\t\t\t\t<div class=\"elementor-element elementor-element-464446e1 elementor-widget elementor-widget-template\" data-id=\"464446e1\" data-element_type=\"widget\" data-e-type=\"widget\" data-widget_type=\"template.default\">\n\t\t\t\t<div class=\"elementor-widget-container\">\n\t\t\t\t\t\t\t<div class=\"elementor-template\">\n\t\t\t\t\t<div data-elementor-type=\"section\" data-elementor-id=\"1042\" class=\"elementor elementor-1042\" data-elementor-post-type=\"elementor_library\">\n\t\t\t\t\t<section class=\"elementor-section elementor-top-section elementor-element elementor-element-13207be elementor-section-content-middle elementor-section-boxed elementor-section-height-default elementor-section-height-default\" data-id=\"13207be\" data-element_type=\"section\" data-e-type=\"section\">\n\t\t\t\t\t\t<div class=\"elementor-container elementor-column-gap-default\">\n\t\t\t\t\t<div class=\"elementor-column elementor-col-33 elementor-top-column elementor-element elementor-element-13d3831c\" data-id=\"13d3831c\" data-element_type=\"column\" data-e-type=\"column\">\n\t\t\t<div class=\"elementor-widget-wrap elementor-element-populated\">\n\t\t\t\t\t\t<div class=\"elementor-element elementor-element-5ac1b65a elementor-widget elementor-widget-image\" data-id=\"5ac1b65a\" data-element_type=\"widget\" data-e-type=\"widget\" data-widget_type=\"image.default\">\n\t\t\t\t<div class=\"elementor-widget-container\">\n\t\t\t\t\t\t\t\t\t\t\t\t\t\t\t<img fetchpriority=\"high\" decoding=\"async\" width=\"400\" height=\"400\" src=\"https:\/\/i0.wp.com\/veritasobgyn.com\/wp-content\/uploads\/2022\/11\/dr-virginia-elizabeth-mclean.png?fit=400%2C400&amp;ssl=1\" class=\"attachment-full size-full wp-image-1053\" alt=\"\" srcset=\"https:\/\/i0.wp.com\/veritasobgyn.com\/wp-content\/uploads\/2022\/11\/dr-virginia-elizabeth-mclean.png?w=400&amp;ssl=1 400w, https:\/\/i0.wp.com\/veritasobgyn.com\/wp-content\/uploads\/2022\/11\/dr-virginia-elizabeth-mclean.png?resize=300%2C300&amp;ssl=1 300w, https:\/\/i0.wp.com\/veritasobgyn.com\/wp-content\/uploads\/2022\/11\/dr-virginia-elizabeth-mclean.png?resize=150%2C150&amp;ssl=1 150w\" sizes=\"(max-width: 400px) 100vw, 400px\" \/>\t\t\t\t\t\t\t\t\t\t\t\t\t\t\t<\/div>\n\t\t\t\t<\/div>\n\t\t\t\t\t<\/div>\n\t\t<\/div>\n\t\t\t\t<div class=\"elementor-column elementor-col-66 elementor-top-column elementor-element elementor-element-756b0fa8\" data-id=\"756b0fa8\" data-element_type=\"column\" data-e-type=\"column\">\n\t\t\t<div class=\"elementor-widget-wrap elementor-element-populated\">\n\t\t\t\t\t\t<div class=\"elementor-element elementor-element-3fb90405 elementor-widget elementor-widget-heading\" data-id=\"3fb90405\" data-element_type=\"widget\" data-e-type=\"widget\" data-widget_type=\"heading.default\">\n\t\t\t\t<div class=\"elementor-widget-container\">\n\t\t\t\t\t<h5 class=\"elementor-heading-title elementor-size-default\">Virginia Elizabeth Mclean, MD, FACOG<\/h5>\t\t\t\t<\/div>\n\t\t\t\t<\/div>\n\t\t\t\t<div class=\"elementor-element elementor-element-5d2ba09 elementor-widget elementor-widget-text-editor\" data-id=\"5d2ba09\" data-element_type=\"widget\" data-e-type=\"widget\" data-widget_type=\"text-editor.default\">\n\t\t\t\t<div class=\"elementor-widget-container\">\n\t\t\t\t\t\t\t\t\t<p><span class=\"text_exposed_show\">La Dra. Virginia McLean, MD es especialista en obstetricia y ginecolog\u00eda en Nueva York, NY. Su oficina acepta citas de telesalud.<\/span><\/p><p>La Dra. Mclean se gradu\u00f3 de la Facultad de Medicina de la Universidad M\u00e9dica de Carolina del Sur en 2014. Trabaja en Port Jefferson Station, NY y en otras 8 ubicaciones y se especializa en Obstetricia y Ginecolog\u00eda.<\/p>\t\t\t\t\t\t\t\t<\/div>\n\t\t\t\t<\/div>\n\t\t\t\t\t<\/div>\n\t\t<\/div>\n\t\t\t\t\t<\/div>\n\t\t<\/section>\n\t\t\t\t<\/div>\n\t\t\t\t<\/div>\n\t\t\t\t\t\t<\/div>\n\t\t\t\t<\/div>\n\t\t\t\t\t<\/div>\n\t\t<\/div>\n\t\t\t\t\t<\/div>\n\t\t<\/section>\n\t\t\t\t<section class=\"elementor-section elementor-top-section elementor-element elementor-element-345e0bf4 elementor-section-full_width elementor-section-height-min-height reverse-wave elementor-section-height-default elementor-section-items-middle\" data-id=\"345e0bf4\" data-element_type=\"section\" data-e-type=\"section\" data-settings=\"{&quot;background_background&quot;:&quot;classic&quot;}\">\n\t\t\t\t\t\t<div class=\"elementor-container elementor-column-gap-default\">\n\t\t\t\t\t<div class=\"elementor-column elementor-col-100 elementor-top-column elementor-element elementor-element-4a686a6c\" data-id=\"4a686a6c\" data-element_type=\"column\" data-e-type=\"column\">\n\t\t\t<div class=\"elementor-widget-wrap\">\n\t\t\t\t\t\t\t<\/div>\n\t\t<\/div>\n\t\t\t\t\t<\/div>\n\t\t<\/section>\n\t\t\t\t<\/div>","protected":false},"excerpt":{"rendered":"<p>Meet Our Team VERITAS OBGYN is a premier medical practice with an outstanding reputation for obstetrics and gynecology. Our first doctor\u2019s office is now open in Bay Shore, New York.<\/p>","protected":false},"author":1,"featured_media":0,"parent":0,"menu_order":0,"comment_status":"closed","ping_status":"closed","template":"","meta":{"om_disable_all_campaigns":false,"footnotes":""},"class_list":["post-102","page","type-page","status-publish","hentry"],"yoast_head":"<!-- This site is optimized with the Yoast SEO plugin v27.3 - https:\/\/yoast.com\/product\/yoast-seo-wordpress\/ -->\n<title>Meet Our Team - Veritas OBGYN<\/title>\n<meta name=\"robots\" content=\"index, follow, max-snippet:-1, max-image-preview:large, max-video-preview:-1\" \/>\n<link rel=\"canonical\" href=\"https:\/\/veritasobgyn.com\/es\/meet-our-team\/\" \/>\n<meta property=\"og:locale\" content=\"es_ES\" \/>\n<meta property=\"og:type\" content=\"article\" \/>\n<meta property=\"og:title\" content=\"Meet Our Team - Veritas OBGYN\" \/>\n<meta property=\"og:description\" content=\"Meet Our Team VERITAS OBGYN is a premier medical practice with an outstanding reputation for obstetrics and gynecology. Our first doctor\u2019s office is now open in Bay Shore, New York.\" \/>\n<meta property=\"og:url\" content=\"https:\/\/veritasobgyn.com\/es\/meet-our-team\/\" \/>\n<meta property=\"og:site_name\" content=\"Veritas OBGYN\" \/>\n<meta property=\"article:modified_time\" content=\"2023-02-20T00:28:19+00:00\" \/>\n<meta name=\"twitter:card\" content=\"summary_large_image\" \/>\n<meta name=\"twitter:label1\" content=\"Tiempo de lectura\" \/>\n\t<meta name=\"twitter:data1\" content=\"2 minutos\" \/>\n<script type=\"application\/ld+json\" class=\"yoast-schema-graph\">{\"@context\":\"https:\\\/\\\/schema.org\",\"@graph\":[{\"@type\":\"WebPage\",\"@id\":\"https:\\\/\\\/veritasobgyn.com\\\/meet-our-team\\\/\",\"url\":\"https:\\\/\\\/veritasobgyn.com\\\/meet-our-team\\\/\",\"name\":\"Meet Our Team - Veritas OBGYN\",\"isPartOf\":{\"@id\":\"https:\\\/\\\/veritasobgyn.com\\\/#website\"},\"datePublished\":\"2022-11-10T10:09:12+00:00\",\"dateModified\":\"2023-02-20T00:28:19+00:00\",\"breadcrumb\":{\"@id\":\"https:\\\/\\\/veritasobgyn.com\\\/meet-our-team\\\/#breadcrumb\"},\"inLanguage\":\"es\",\"potentialAction\":[{\"@type\":\"ReadAction\",\"target\":[\"https:\\\/\\\/veritasobgyn.com\\\/meet-our-team\\\/\"]}]},{\"@type\":\"BreadcrumbList\",\"@id\":\"https:\\\/\\\/veritasobgyn.com\\\/meet-our-team\\\/#breadcrumb\",\"itemListElement\":[{\"@type\":\"ListItem\",\"position\":1,\"name\":\"Home\",\"item\":\"https:\\\/\\\/veritasobgyn.com\\\/\"},{\"@type\":\"ListItem\",\"position\":2,\"name\":\"Meet Our Team\"}]},{\"@type\":\"WebSite\",\"@id\":\"https:\\\/\\\/veritasobgyn.com\\\/#website\",\"url\":\"https:\\\/\\\/veritasobgyn.com\\\/\",\"name\":\"Veritas OBGYN\",\"description\":\"Obstetrics and Gynecology Specialists\",\"publisher\":{\"@id\":\"https:\\\/\\\/veritasobgyn.com\\\/#organization\"},\"potentialAction\":[{\"@type\":\"SearchAction\",\"target\":{\"@type\":\"EntryPoint\",\"urlTemplate\":\"https:\\\/\\\/veritasobgyn.com\\\/?s={search_term_string}\"},\"query-input\":{\"@type\":\"PropertyValueSpecification\",\"valueRequired\":true,\"valueName\":\"search_term_string\"}}],\"inLanguage\":\"es\"},{\"@type\":\"Organization\",\"@id\":\"https:\\\/\\\/veritasobgyn.com\\\/#organization\",\"name\":\"Veritas OBGYN\",\"url\":\"https:\\\/\\\/veritasobgyn.com\\\/\",\"logo\":{\"@type\":\"ImageObject\",\"inLanguage\":\"es\",\"@id\":\"https:\\\/\\\/veritasobgyn.com\\\/#\\\/schema\\\/logo\\\/image\\\/\",\"url\":\"https:\\\/\\\/veritasobgyn.com\\\/wp-content\\\/uploads\\\/2022\\\/11\\\/Veritas-OBGYN-Obstetrics-and-Gynecology-Specialists-3.jpg\",\"contentUrl\":\"https:\\\/\\\/veritasobgyn.com\\\/wp-content\\\/uploads\\\/2022\\\/11\\\/Veritas-OBGYN-Obstetrics-and-Gynecology-Specialists-3.jpg\",\"width\":500,\"height\":108,\"caption\":\"Veritas OBGYN\"},\"image\":{\"@id\":\"https:\\\/\\\/veritasobgyn.com\\\/#\\\/schema\\\/logo\\\/image\\\/\"}}]}<\/script>\n<!-- \/ Yoast SEO plugin. -->","yoast_head_json":{"title":"Meet Our Team - Veritas OBGYN","robots":{"index":"index","follow":"follow","max-snippet":"max-snippet:-1","max-image-preview":"max-image-preview:large","max-video-preview":"max-video-preview:-1"},"canonical":"https:\/\/veritasobgyn.com\/es\/meet-our-team\/","og_locale":"es_ES","og_type":"article","og_title":"Meet Our Team - Veritas OBGYN","og_description":"Meet Our Team VERITAS OBGYN is a premier medical practice with an outstanding reputation for obstetrics and gynecology. Our first doctor\u2019s office is now open in Bay Shore, New York.","og_url":"https:\/\/veritasobgyn.com\/es\/meet-our-team\/","og_site_name":"Veritas OBGYN","article_modified_time":"2023-02-20T00:28:19+00:00","twitter_card":"summary_large_image","twitter_misc":{"Tiempo de lectura":"2 minutos"},"schema":{"@context":"https:\/\/schema.org","@graph":[{"@type":"WebPage","@id":"https:\/\/veritasobgyn.com\/meet-our-team\/","url":"https:\/\/veritasobgyn.com\/meet-our-team\/","name":"Meet Our Team - Veritas OBGYN","isPartOf":{"@id":"https:\/\/veritasobgyn.com\/#website"},"datePublished":"2022-11-10T10:09:12+00:00","dateModified":"2023-02-20T00:28:19+00:00","breadcrumb":{"@id":"https:\/\/veritasobgyn.com\/meet-our-team\/#breadcrumb"},"inLanguage":"es","potentialAction":[{"@type":"ReadAction","target":["https:\/\/veritasobgyn.com\/meet-our-team\/"]}]},{"@type":"BreadcrumbList","@id":"https:\/\/veritasobgyn.com\/meet-our-team\/#breadcrumb","itemListElement":[{"@type":"ListItem","position":1,"name":"Home","item":"https:\/\/veritasobgyn.com\/"},{"@type":"ListItem","position":2,"name":"Meet Our Team"}]},{"@type":"WebSite","@id":"https:\/\/veritasobgyn.com\/#website","url":"https:\/\/veritasobgyn.com\/","name":"Veritas OBGYN","description":"Obstetrics and Gynecology Specialists","publisher":{"@id":"https:\/\/veritasobgyn.com\/#organization"},"potentialAction":[{"@type":"SearchAction","target":{"@type":"EntryPoint","urlTemplate":"https:\/\/veritasobgyn.com\/?s={search_term_string}"},"query-input":{"@type":"PropertyValueSpecification","valueRequired":true,"valueName":"search_term_string"}}],"inLanguage":"es"},{"@type":"Organization","@id":"https:\/\/veritasobgyn.com\/#organization","name":"Veritas OBGYN","url":"https:\/\/veritasobgyn.com\/","logo":{"@type":"ImageObject","inLanguage":"es","@id":"https:\/\/veritasobgyn.com\/#\/schema\/logo\/image\/","url":"https:\/\/veritasobgyn.com\/wp-content\/uploads\/2022\/11\/Veritas-OBGYN-Obstetrics-and-Gynecology-Specialists-3.jpg","contentUrl":"https:\/\/veritasobgyn.com\/wp-content\/uploads\/2022\/11\/Veritas-OBGYN-Obstetrics-and-Gynecology-Specialists-3.jpg","width":500,"height":108,"caption":"Veritas OBGYN"},"image":{"@id":"https:\/\/veritasobgyn.com\/#\/schema\/logo\/image\/"}}]}},"jetpack_sharing_enabled":true,"_links":{"self":[{"href":"https:\/\/veritasobgyn.com\/es\/wp-json\/wp\/v2\/pages\/102","targetHints":{"allow":["GET"]}}],"collection":[{"href":"https:\/\/veritasobgyn.com\/es\/wp-json\/wp\/v2\/pages"}],"about":[{"href":"https:\/\/veritasobgyn.com\/es\/wp-json\/wp\/v2\/types\/page"}],"author":[{"embeddable":true,"href":"https:\/\/veritasobgyn.com\/es\/wp-json\/wp\/v2\/users\/1"}],"replies":[{"embeddable":true,"href":"https:\/\/veritasobgyn.com\/es\/wp-json\/wp\/v2\/comments?post=102"}],"version-history":[{"count":5,"href":"https:\/\/veritasobgyn.com\/es\/wp-json\/wp\/v2\/pages\/102\/revisions"}],"predecessor-version":[{"id":3049,"href":"https:\/\/veritasobgyn.com\/es\/wp-json\/wp\/v2\/pages\/102\/revisions\/3049"}],"wp:attachment":[{"href":"https:\/\/veritasobgyn.com\/es\/wp-json\/wp\/v2\/media?parent=102"}],"curies":[{"name":"wp","href":"https:\/\/api.w.org\/{rel}","templated":true}]}}